{"id":33,"date":"2023-11-16T14:43:20","date_gmt":"2023-11-16T14:43:20","guid":{"rendered":"https:\/\/arrigonper.com\/?page_id=33"},"modified":"2023-11-16T14:43:20","modified_gmt":"2023-11-16T14:43:20","slug":"noticias","status":"publish","type":"page","link":"https:\/\/arrigonper.com\/index.php\/noticias\/","title":{"rendered":"NOTICIAS"},"content":{"rendered":"\n<div class=\"wp-block-group alignfull has-accent-background-color has-background has-global-padding is-layout-constrained wp-container-core-group-is-layout-669513ed wp-block-group-is-layout-constrained\" style=\"margin-top:0;margin-bottom:0;padding-top:var(--wp--preset--spacing--50);padding-right:var(--wp--preset--spacing--50);padding-bottom:var(--wp--preset--spacing--50);padding-left:var(--wp--preset--spacing--50)\">\n<div class=\"wp-block-columns alignwide is-layout-flex wp-container-core-columns-is-layout-1da03c2a wp-block-columns-is-layout-flex\">\n<div class=\"wp-block-column is-vertically-aligned-stretch is-layout-flow wp-block-column-is-layout-flow\" style=\"flex-basis:50%\">\n<div class=\"wp-block-group is-vertical is-content-justification-stretch is-layout-flex wp-container-core-group-is-layout-444d5ee8 wp-block-group-is-layout-flex\" style=\"min-height:100%\">\n<p class=\"has-heading-font-family has-x-large-font-size\" style=\"line-height:1.2\">\u00c9tudes ofrece soluciones integrales de consultor\u00eda, gesti\u00f3n, dise\u00f1o e investigaci\u00f3n. Cada esfuerzo arquitect\u00f3nico es una oportunidad para dar forma al futuro.<\/p>\n\n\n\n<div class=\"wp-block-group has-global-padding is-content-justification-left is-layout-constrained wp-container-core-group-is-layout-9fe8ed88 wp-block-group-is-layout-constrained\">\n<p class=\"wp-container-content-0733e5d0\">Dejando una huella indeleble en el paisaje del ma\u00f1ana.<\/p>\n\n\n\n<div class=\"wp-block-buttons is-layout-flex wp-block-buttons-is-layout-flex\">\n<div class=\"wp-block-button\"><a class=\"wp-block-button__link wp-element-button\">Acerca de nosotros<\/a><\/div>\n<\/div>\n<\/div>\n<\/div>\n<\/div>\n\n\n\n<div class=\"wp-block-column is-vertically-aligned-center is-layout-flow wp-block-column-is-layout-flow\" style=\"flex-basis:50%\">\n<figure class=\"wp-block-image size-large is-style-rounded is-style-rounded--1\"><img decoding=\"async\" src=\"https:\/\/arrigonper.com\/wp-content\/themes\/twentytwentyfour\/assets\/images\/museum.webp\" alt=\"Una rampa a lo largo de una pared curva en el Museo Kiasma, Helsinki, Finlandia\" style=\"aspect-ratio:3\/4;object-fit:cover\"\/><\/figure>\n<\/div>\n<\/div>\n<\/div>\n\n\n\n<div class=\"wp-block-group alignfull has-base-background-color has-background has-global-padding is-layout-constrained wp-container-core-group-is-layout-d89aad35 wp-block-group-is-layout-constrained\" style=\"margin-top:0;margin-bottom:0;padding-top:var(--wp--preset--spacing--50);padding-right:var(--wp--preset--spacing--50);padding-bottom:var(--wp--preset--spacing--50);padding-left:var(--wp--preset--spacing--50)\">\n<div class=\"wp-block-columns alignwide is-layout-flex wp-container-core-columns-is-layout-549b0c86 wp-block-columns-is-layout-flex\">\n<div class=\"wp-block-column has-global-padding is-content-justification-left is-layout-constrained wp-container-core-column-is-layout-4f15e8fe wp-block-column-is-layout-constrained\" style=\"flex-basis:40%\">\n<p>La revitalizada galer\u00eda de arte est\u00e1 llamada a redefinir el paisaje cultural.<\/p>\n<\/div>\n\n\n\n<div class=\"wp-block-column is-layout-flow wp-container-core-column-is-layout-119bc444 wp-block-column-is-layout-flow\" style=\"flex-basis:60%\">\n<p class=\"has-heading-font-family has-x-large-font-size\" style=\"line-height:1.2\">Con una meticulosa atenci\u00f3n al detalle y un compromiso con la excelencia, creamos espacios que inspiran, elevan y enriquecen la vida de quienes los habitan.<\/p>\n\n\n\n<div class=\"wp-block-columns is-layout-flex wp-container-core-columns-is-layout-87beb0d0 wp-block-columns-is-layout-flex\">\n<div class=\"wp-block-column is-layout-flow wp-block-column-is-layout-flow\">\n<p class=\"wp-container-content-9cfa9a5a\">La revitalizada Galer\u00eda de Arte est\u00e1 llamada a redefinir el paisaje cultural de Toronto, sirviendo de nexo de expresi\u00f3n art\u00edstica, compromiso comunitario y maravilla arquitect\u00f3nica. El proyecto de ampliaci\u00f3n y renovaci\u00f3n rinde homenaje a la rica historia de la Galer\u00eda de Arte al tiempo que abraza el futuro, garantizando que la galer\u00eda siga siendo un faro de inspiraci\u00f3n.<\/p>\n<\/div>\n\n\n\n<div class=\"wp-block-column is-layout-flow wp-block-column-is-layout-flow\">\n<p>La revitalizada Galer\u00eda de Arte est\u00e1 llamada a redefinir el paisaje cultural de Toronto, sirviendo de nexo de expresi\u00f3n art\u00edstica, compromiso comunitario y maravilla arquitect\u00f3nica. El proyecto de ampliaci\u00f3n y renovaci\u00f3n rinde homenaje a la rica historia de la Galer\u00eda de Arte al tiempo que abraza el futuro, garantizando que la galer\u00eda siga siendo un faro de inspiraci\u00f3n.<\/p>\n<\/div>\n<\/div>\n<\/div>\n<\/div>\n<\/div>\n\n\n\n<div class=\"wp-block-group alignfull has-accent-5-background-color has-background has-global-padding is-layout-constrained wp-container-core-group-is-layout-d89aad35 wp-block-group-is-layout-constrained\" style=\"margin-top:0;margin-bottom:0;padding-top:var(--wp--preset--spacing--50);padding-right:var(--wp--preset--spacing--50);padding-bottom:var(--wp--preset--spacing--50);padding-left:var(--wp--preset--spacing--50)\">\n<div class=\"wp-block-columns alignwide is-layout-flex wp-container-core-columns-is-layout-1da03c2a wp-block-columns-is-layout-flex\">\n<div class=\"wp-block-column is-vertically-aligned-center is-layout-flow wp-block-column-is-layout-flow\" style=\"flex-basis:60%\">\n<figure class=\"wp-block-image size-full is-style-rounded wp-duotone-duotone-1 is-style-rounded--2\"><img decoding=\"async\" src=\"https:\/\/arrigonper.com\/wp-content\/themes\/twentytwentyfour\/assets\/images\/abstract-geometric-art.webp\" alt=\"Obra de arte geom\u00e9trica abstracta blanca de Dresde, Alemania\" style=\"aspect-ratio:4\/3;object-fit:cover\"\/><\/figure>\n<\/div>\n\n\n\n<div class=\"wp-block-column is-layout-flow wp-block-column-is-layout-flow\" style=\"flex-basis:40%\">\n<h2 class=\"wp-block-heading\">Guiando a tu empresa a trav\u00e9s del proyecto<\/h2>\n\n\n\n<p>Experimenta la fusi\u00f3n de imaginaci\u00f3n y experiencia con \u00c9tudes, el catalizador de las transformaciones arquitect\u00f3nicas que enriquecen el mundo que nos rodea.<\/p>\n\n\n\n<div class=\"wp-block-buttons is-layout-flex wp-block-buttons-is-layout-flex\">\n<div class=\"wp-block-button\"><a class=\"wp-block-button__link wp-element-button\">Nuestros servicios<\/a><\/div>\n<\/div>\n<\/div>\n<\/div>\n<\/div>\n\n\n\n<div class=\"wp-block-group alignfull has-global-padding is-layout-constrained wp-container-core-group-is-layout-669513ed wp-block-group-is-layout-constrained\" style=\"margin-top:0;margin-bottom:0;padding-top:var(--wp--preset--spacing--50);padding-right:var(--wp--preset--spacing--50);padding-bottom:var(--wp--preset--spacing--50);padding-left:var(--wp--preset--spacing--50)\">\n<div class=\"wp-block-group is-vertical is-content-justification-center is-layout-flex wp-container-core-group-is-layout-ce155fab wp-block-group-is-layout-flex\">\n<h2 class=\"wp-block-heading has-text-align-center has-xx-large-font-size\">Conoce a nuestro equipo<\/h2>\n\n\n\n<p class=\"has-text-align-center\">Nuestro amplio conjunto de profesionales atiende a un equipo diverso, que va desde arquitectos experimentados a ingenieros de renombre.<\/p>\n<\/div>\n\n\n\n<div style=\"height:var(--wp--preset--spacing--30)\" aria-hidden=\"true\" class=\"wp-block-spacer\"><\/div>\n\n\n\n<div class=\"wp-block-columns alignwide is-layout-flex wp-container-core-columns-is-layout-4935966c wp-block-columns-is-layout-flex\" style=\"padding-right:0;padding-left:0\">\n<div class=\"wp-block-column is-layout-flow wp-block-column-is-layout-flow\">\n\n\n<div class=\"wp-block-group is-vertical is-content-justification-center is-nowrap is-layout-flex wp-container-core-group-is-layout-21d4e958 wp-block-group-is-layout-flex\">\n<p class=\"has-text-align-center has-small-font-size\">\n\t\t\t\t\t<strong>Francesca Piovani<\/strong>\n\t\t\t\t<\/p>\n\n\n\n<p class=\"has-text-align-center has-small-font-size\">Fundador, Director general y Arquitecto<\/p>\n<\/div>\n<\/div>\n\n\n\n<div class=\"wp-block-column is-layout-flow wp-block-column-is-layout-flow\">\n\n\n<div class=\"wp-block-group is-vertical is-content-justification-center is-nowrap is-layout-flex wp-container-core-group-is-layout-63bfd6c1 wp-block-group-is-layout-flex\">\n<p class=\"has-text-align-center has-small-font-size\">\n\t\t\t\t\t<strong>Rhye Moore<\/strong>\n\t\t\t\t<\/p>\n\n\n\n<p class=\"has-text-align-center has-small-font-size\">Director de ingenier\u00eda<\/p>\n<\/div>\n<\/div>\n\n\n\n<div class=\"wp-block-column is-layout-flow wp-block-column-is-layout-flow\">\n\n\n<div class=\"wp-block-group is-vertical is-content-justification-center is-nowrap is-layout-flex wp-container-core-group-is-layout-63bfd6c1 wp-block-group-is-layout-flex\">\n<p class=\"has-text-align-center has-small-font-size\">\n\t\t\t\t\t<strong>Helga Steiner<\/strong>\n\t\t\t\t<\/p>\n\n\n\n<p class=\"has-text-align-center has-small-font-size\">Arquitecto<\/p>\n<\/div>\n<\/div>\n\n\n\n<div class=\"wp-block-column is-layout-flow wp-block-column-is-layout-flow\">\n\n\n<div class=\"wp-block-group is-vertical is-content-justification-center is-nowrap is-layout-flex wp-container-core-group-is-layout-21d4e958 wp-block-group-is-layout-flex\">\n<p class=\"has-text-align-center has-small-font-size\">\n\t\t\t\t\t<strong>Ivan Lawrence<\/strong>\n\t\t\t\t<\/p>\n\n\n\n<p class=\"has-text-align-center has-small-font-size\">Gestor de proyectos<\/p>\n<\/div>\n<\/div>\n<\/div>\n<\/div>\n\n\n\n\n\n<div class=\"wp-block-group alignfull has-base-color has-contrast-background-color has-text-color has-background has-link-color wp-elements-be933ab62c8bff106d7f6ef5cd2d05cb has-global-padding is-layout-constrained wp-container-core-group-is-layout-d89aad35 wp-block-group-is-layout-constrained\" style=\"margin-top:0;margin-bottom:0;padding-top:var(--wp--preset--spacing--50);padding-right:var(--wp--preset--spacing--50);padding-bottom:var(--wp--preset--spacing--50);padding-left:var(--wp--preset--spacing--50)\">\n<h2 class=\"wp-block-heading alignwide has-base-color has-text-color has-link-color wp-elements-c9b5699bdecff18878afa112249018b5\" style=\"font-size:clamp(4.509rem, 4.509rem + ((1vw - 0.2rem) * 9.152), 10rem);letter-spacing:-0.02em\">FAQs<\/h2>\n\n\n\n<div class=\"wp-block-group alignwide is-layout-flow wp-block-group-is-layout-flow\">\n<hr class=\"wp-block-separator has-text-color has-base-color has-alpha-channel-opacity has-base-background-color has-background is-style-wide\"\/>\n\n\n\n<details class=\"wp-block-details is-style-arrow-icon-details has-medium-font-size is-layout-flow wp-block-details-is-layout-flow\" style=\"border-top-style:none;border-top-width:0px;border-right-style:none;border-right-width:0px;border-bottom-color:var(--wp--preset--color--base);border-bottom-style:solid;border-bottom-width:1px;border-left-style:none;border-left-width:0px;margin-top:0\"><summary>\u00bfCu\u00e1l es tu proceso de trabajo en proyectos m\u00e1s peque\u00f1os?<\/summary>\n<p class=\"has-contrast-1-color has-text-color has-link-color wp-elements-a4f83e381433159d820c456fe41a2624\">\u00c9tudes ofrece soluciones integrales de consultor\u00eda, gesti\u00f3n, dise\u00f1o e investigaci\u00f3n. Nuestra visi\u00f3n es estar a la vanguardia de la innovaci\u00f3n arquitect\u00f3nica, fomentando una comunidad global de arquitectos y entusiastas unidos por la pasi\u00f3n de crear espacios. Cada esfuerzo arquitect\u00f3nico es una oportunidad para dar forma al futuro.<\/p>\n<\/details>\n\n\n\n<details class=\"wp-block-details is-style-arrow-icon-details has-medium-font-size is-layout-flow wp-block-details-is-layout-flow\" style=\"border-top-style:none;border-top-width:0px;border-right-style:none;border-right-width:0px;border-bottom-color:var(--wp--preset--color--base);border-bottom-style:solid;border-bottom-width:1px;border-left-style:none;border-left-width:0px;margin-top:0\"><summary>\u00bfQui\u00e9n est\u00e1 detr\u00e1s de \u00c9tudes?<\/summary>\n<p class=\"has-contrast-1-color has-text-color has-link-color wp-elements-a4f83e381433159d820c456fe41a2624\">\u00c9tudes ofrece soluciones integrales de consultor\u00eda, gesti\u00f3n, dise\u00f1o e investigaci\u00f3n. Nuestra visi\u00f3n es estar a la vanguardia de la innovaci\u00f3n arquitect\u00f3nica, fomentando una comunidad global de arquitectos y entusiastas unidos por la pasi\u00f3n de crear espacios. Cada esfuerzo arquitect\u00f3nico es una oportunidad para dar forma al futuro.<\/p>\n<\/details>\n\n\n\n<details class=\"wp-block-details is-style-arrow-icon-details has-medium-font-size is-layout-flow wp-block-details-is-layout-flow\" style=\"border-top-style:none;border-top-width:0px;border-right-style:none;border-right-width:0px;border-bottom-color:var(--wp--preset--color--base);border-bottom-style:solid;border-bottom-width:1px;border-left-style:none;border-left-width:0px;margin-top:0\"><summary>Me gustar\u00eda conocer a otros arquitectos, \u00bfc\u00f3mo puedo hacerlo?<\/summary>\n<p class=\"has-contrast-1-color has-text-color has-link-color wp-elements-a4f83e381433159d820c456fe41a2624\">\u00c9tudes ofrece soluciones integrales de consultor\u00eda, gesti\u00f3n, dise\u00f1o e investigaci\u00f3n. Nuestra visi\u00f3n es estar a la vanguardia de la innovaci\u00f3n arquitect\u00f3nica, fomentando una comunidad global de arquitectos y entusiastas unidos por la pasi\u00f3n de crear espacios. Cada esfuerzo arquitect\u00f3nico es una oportunidad para dar forma al futuro.<\/p>\n<\/details>\n\n\n\n<details class=\"wp-block-details is-style-arrow-icon-details has-medium-font-size is-layout-flow wp-block-details-is-layout-flow\" style=\"border-top-style:none;border-top-width:0px;border-right-style:none;border-right-width:0px;border-bottom-color:var(--wp--preset--color--base);border-bottom-style:solid;border-bottom-width:1px;border-left-style:none;border-left-width:0px;margin-top:0\"><summary>\u00bfPuedo solicitar formar parte del equipo o trabajar como contratista?<\/summary>\n<p class=\"has-contrast-1-color has-text-color has-link-color wp-elements-a4f83e381433159d820c456fe41a2624\">\u00c9tudes ofrece soluciones integrales de consultor\u00eda, gesti\u00f3n, dise\u00f1o e investigaci\u00f3n. Nuestra visi\u00f3n es estar a la vanguardia de la innovaci\u00f3n arquitect\u00f3nica, fomentando una comunidad global de arquitectos y entusiastas unidos por la pasi\u00f3n de crear espacios. Cada esfuerzo arquitect\u00f3nico es una oportunidad para dar forma al futuro.<\/p>\n<\/details>\n\n\n\n<div style=\"margin-top:var(--wp--preset--spacing--10);margin-bottom:0;height:var(--wp--preset--spacing--10)\" aria-hidden=\"true\" class=\"wp-block-spacer\"><\/div>\n<\/div>\n<\/div>\n\n\n\n<div class=\"wp-block-group alignfull has-global-padding is-layout-constrained wp-container-core-group-is-layout-d89aad35 wp-block-group-is-layout-constrained\" style=\"margin-top:0;margin-bottom:0;padding-top:var(--wp--preset--spacing--50);padding-right:var(--wp--preset--spacing--50);padding-bottom:var(--wp--preset--spacing--50);padding-left:var(--wp--preset--spacing--50)\">\n<div class=\"wp-block-columns alignwide are-vertically-aligned-center is-layout-flex wp-container-core-columns-is-layout-47c06fe3 wp-block-columns-is-layout-flex\">\n<div class=\"wp-block-column is-vertically-aligned-center is-layout-flow wp-block-column-is-layout-flow\" style=\"flex-basis:50%\">\n<h2 class=\"wp-block-heading\">Mejora tu viaje arquitect\u00f3nico con la aplicaci\u00f3n \u00c9tudes Arquitecto.<\/h2>\n\n\n\n<ul style=\"line-height:1.75\" class=\"is-style-checkmark-list wp-block-list\">\n<li>Colabora con otros arquitectos.<\/li>\n\n\n\n<li>Muestra tus proyectos.<\/li>\n\n\n\n<li>Experimenta el mundo de la arquitectura.<\/li>\n<\/ul>\n\n\n\n<div class=\"wp-block-buttons is-layout-flex wp-block-buttons-is-layout-flex\">\n<div class=\"wp-block-button\"><a class=\"wp-block-button__link wp-element-button\">Descargar aplicaci\u00f3n<\/a><\/div>\n\n\n\n<div class=\"wp-block-button is-style-outline is-style-outline--7\"><a class=\"wp-block-button__link wp-element-button\">C\u00f3mo funciona<\/a><\/div>\n<\/div>\n<\/div>\n\n\n\n<div class=\"wp-block-column is-vertically-aligned-center is-layout-flow wp-block-column-is-layout-flow\" style=\"flex-basis:50%\">\n<figure class=\"wp-block-image size-full is-style-rounded is-style-rounded--8\"><img decoding=\"async\" src=\"https:\/\/arrigonper.com\/wp-content\/themes\/twentytwentyfour\/assets\/images\/abstract-geometric-art.webp\" alt=\"Obra de arte geom\u00e9trica abstracta blanca de Dresde, Alemania\" style=\"aspect-ratio:4\/3;object-fit:cover\"\/><\/figure>\n<\/div>\n<\/div>\n<\/div>\n","protected":false},"excerpt":{"rendered":"<p>\u00c9tudes ofrece soluciones integrales de consultor\u00eda, gesti\u00f3n, dise\u00f1o e investigaci\u00f3n. Cada esfuerzo arquitect\u00f3nico es una oportunidad para dar forma al futuro. Dejando una huella indeleble en el paisaje del ma\u00f1ana. La revitalizada galer\u00eda de arte est\u00e1 llamada a redefinir el paisaje cultural. Con una meticulosa atenci\u00f3n al detalle y un compromiso con la excelencia, creamos [&hellip;]<\/p>\n","protected":false},"author":1,"featured_media":0,"parent":0,"menu_order":0,"comment_status":"closed","ping_status":"closed","template":"","meta":{"footnotes":""},"class_list":["post-33","page","type-page","status-publish","hentry"],"yoast_head":"<!-- This site is optimized with the Yoast SEO plugin v21.5 - https:\/\/yoast.com\/wordpress\/plugins\/seo\/ -->\n<title>NOTICIAS - Arrigonper<\/title>\n<meta name=\"robots\" content=\"index, follow, max-snippet:-1, max-image-preview:large, max-video-preview:-1\" \/>\n<link rel=\"canonical\" href=\"https:\/\/arrigonper.com\/index.php\/noticias\/\" \/>\n<meta property=\"og:locale\" content=\"es_ES\" \/>\n<meta property=\"og:type\" content=\"article\" \/>\n<meta property=\"og:title\" content=\"NOTICIAS - Arrigonper\" \/>\n<meta property=\"og:description\" content=\"\u00c9tudes ofrece soluciones integrales de consultor\u00eda, gesti\u00f3n, dise\u00f1o e investigaci\u00f3n. Cada esfuerzo arquitect\u00f3nico es una oportunidad para dar forma al futuro. Dejando una huella indeleble en el paisaje del ma\u00f1ana. La revitalizada galer\u00eda de arte est\u00e1 llamada a redefinir el paisaje cultural. Con una meticulosa atenci\u00f3n al detalle y un compromiso con la excelencia, creamos [&hellip;]\" \/>\n<meta property=\"og:url\" content=\"https:\/\/arrigonper.com\/index.php\/noticias\/\" \/>\n<meta property=\"og:site_name\" content=\"Arrigonper\" \/>\n<meta property=\"og:image\" content=\"https:\/\/arrigonper.com\/wp-content\/themes\/twentytwentyfour\/assets\/images\/museum.webp\" \/>\n<meta name=\"twitter:card\" content=\"summary_large_image\" \/>\n<meta name=\"twitter:label1\" content=\"Tiempo de lectura\" \/>\n\t<meta name=\"twitter:data1\" content=\"4 minutos\" \/>\n<script type=\"application\/ld+json\" class=\"yoast-schema-graph\">{\"@context\":\"https:\/\/schema.org\",\"@graph\":[{\"@type\":\"WebPage\",\"@id\":\"https:\/\/arrigonper.com\/index.php\/noticias\/\",\"url\":\"https:\/\/arrigonper.com\/index.php\/noticias\/\",\"name\":\"NOTICIAS - Arrigonper\",\"isPartOf\":{\"@id\":\"https:\/\/arrigonper.com\/#website\"},\"datePublished\":\"2023-11-16T14:43:20+00:00\",\"dateModified\":\"2023-11-16T14:43:20+00:00\",\"breadcrumb\":{\"@id\":\"https:\/\/arrigonper.com\/index.php\/noticias\/#breadcrumb\"},\"inLanguage\":\"es\",\"potentialAction\":[{\"@type\":\"ReadAction\",\"target\":[\"https:\/\/arrigonper.com\/index.php\/noticias\/\"]}]},{\"@type\":\"BreadcrumbList\",\"@id\":\"https:\/\/arrigonper.com\/index.php\/noticias\/#breadcrumb\",\"itemListElement\":[{\"@type\":\"ListItem\",\"position\":1,\"name\":\"Portada\",\"item\":\"https:\/\/arrigonper.com\/\"},{\"@type\":\"ListItem\",\"position\":2,\"name\":\"NOTICIAS\"}]},{\"@type\":\"WebSite\",\"@id\":\"https:\/\/arrigonper.com\/#website\",\"url\":\"https:\/\/arrigonper.com\/\",\"name\":\"Arrigonper\",\"description\":\"\",\"publisher\":{\"@id\":\"https:\/\/arrigonper.com\/#organization\"},\"potentialAction\":[{\"@type\":\"SearchAction\",\"target\":{\"@type\":\"EntryPoint\",\"urlTemplate\":\"https:\/\/arrigonper.com\/?s={search_term_string}\"},\"query-input\":\"required name=search_term_string\"}],\"inLanguage\":\"es\"},{\"@type\":\"Organization\",\"@id\":\"https:\/\/arrigonper.com\/#organization\",\"name\":\"Arrigonper\",\"url\":\"https:\/\/arrigonper.com\/\",\"logo\":{\"@type\":\"ImageObject\",\"inLanguage\":\"es\",\"@id\":\"https:\/\/arrigonper.com\/#\/schema\/logo\/image\/\",\"url\":\"https:\/\/arrigonper.com\/wp-content\/uploads\/2023\/11\/Imagen-de-WhatsApp-2023-11-16-a-las-15.58.07_85783e71.jpg\",\"contentUrl\":\"https:\/\/arrigonper.com\/wp-content\/uploads\/2023\/11\/Imagen-de-WhatsApp-2023-11-16-a-las-15.58.07_85783e71.jpg\",\"width\":1067,\"height\":185,\"caption\":\"Arrigonper\"},\"image\":{\"@id\":\"https:\/\/arrigonper.com\/#\/schema\/logo\/image\/\"}}]}<\/script>\n<!-- \/ Yoast SEO plugin. -->","yoast_head_json":{"title":"NOTICIAS - Arrigonper","robots":{"index":"index","follow":"follow","max-snippet":"max-snippet:-1","max-image-preview":"max-image-preview:large","max-video-preview":"max-video-preview:-1"},"canonical":"https:\/\/arrigonper.com\/index.php\/noticias\/","og_locale":"es_ES","og_type":"article","og_title":"NOTICIAS - Arrigonper","og_description":"\u00c9tudes ofrece soluciones integrales de consultor\u00eda, gesti\u00f3n, dise\u00f1o e investigaci\u00f3n. Cada esfuerzo arquitect\u00f3nico es una oportunidad para dar forma al futuro. Dejando una huella indeleble en el paisaje del ma\u00f1ana. La revitalizada galer\u00eda de arte est\u00e1 llamada a redefinir el paisaje cultural. Con una meticulosa atenci\u00f3n al detalle y un compromiso con la excelencia, creamos [&hellip;]","og_url":"https:\/\/arrigonper.com\/index.php\/noticias\/","og_site_name":"Arrigonper","og_image":[{"url":"https:\/\/arrigonper.com\/wp-content\/themes\/twentytwentyfour\/assets\/images\/museum.webp"}],"twitter_card":"summary_large_image","twitter_misc":{"Tiempo de lectura":"4 minutos"},"schema":{"@context":"https:\/\/schema.org","@graph":[{"@type":"WebPage","@id":"https:\/\/arrigonper.com\/index.php\/noticias\/","url":"https:\/\/arrigonper.com\/index.php\/noticias\/","name":"NOTICIAS - Arrigonper","isPartOf":{"@id":"https:\/\/arrigonper.com\/#website"},"datePublished":"2023-11-16T14:43:20+00:00","dateModified":"2023-11-16T14:43:20+00:00","breadcrumb":{"@id":"https:\/\/arrigonper.com\/index.php\/noticias\/#breadcrumb"},"inLanguage":"es","potentialAction":[{"@type":"ReadAction","target":["https:\/\/arrigonper.com\/index.php\/noticias\/"]}]},{"@type":"BreadcrumbList","@id":"https:\/\/arrigonper.com\/index.php\/noticias\/#breadcrumb","itemListElement":[{"@type":"ListItem","position":1,"name":"Portada","item":"https:\/\/arrigonper.com\/"},{"@type":"ListItem","position":2,"name":"NOTICIAS"}]},{"@type":"WebSite","@id":"https:\/\/arrigonper.com\/#website","url":"https:\/\/arrigonper.com\/","name":"Arrigonper","description":"","publisher":{"@id":"https:\/\/arrigonper.com\/#organization"},"potentialAction":[{"@type":"SearchAction","target":{"@type":"EntryPoint","urlTemplate":"https:\/\/arrigonper.com\/?s={search_term_string}"},"query-input":"required name=search_term_string"}],"inLanguage":"es"},{"@type":"Organization","@id":"https:\/\/arrigonper.com\/#organization","name":"Arrigonper","url":"https:\/\/arrigonper.com\/","logo":{"@type":"ImageObject","inLanguage":"es","@id":"https:\/\/arrigonper.com\/#\/schema\/logo\/image\/","url":"https:\/\/arrigonper.com\/wp-content\/uploads\/2023\/11\/Imagen-de-WhatsApp-2023-11-16-a-las-15.58.07_85783e71.jpg","contentUrl":"https:\/\/arrigonper.com\/wp-content\/uploads\/2023\/11\/Imagen-de-WhatsApp-2023-11-16-a-las-15.58.07_85783e71.jpg","width":1067,"height":185,"caption":"Arrigonper"},"image":{"@id":"https:\/\/arrigonper.com\/#\/schema\/logo\/image\/"}}]}},"_links":{"self":[{"href":"https:\/\/arrigonper.com\/index.php\/wp-json\/wp\/v2\/pages\/33","targetHints":{"allow":["GET"]}}],"collection":[{"href":"https:\/\/arrigonper.com\/index.php\/wp-json\/wp\/v2\/pages"}],"about":[{"href":"https:\/\/arrigonper.com\/index.php\/wp-json\/wp\/v2\/types\/page"}],"author":[{"embeddable":true,"href":"https:\/\/arrigonper.com\/index.php\/wp-json\/wp\/v2\/users\/1"}],"replies":[{"embeddable":true,"href":"https:\/\/arrigonper.com\/index.php\/wp-json\/wp\/v2\/comments?post=33"}],"version-history":[{"count":1,"href":"https:\/\/arrigonper.com\/index.php\/wp-json\/wp\/v2\/pages\/33\/revisions"}],"predecessor-version":[{"id":34,"href":"https:\/\/arrigonper.com\/index.php\/wp-json\/wp\/v2\/pages\/33\/revisions\/34"}],"wp:attachment":[{"href":"https:\/\/arrigonper.com\/index.php\/wp-json\/wp\/v2\/media?parent=33"}],"curies":[{"name":"wp","href":"https:\/\/api.w.org\/{rel}","templated":true}]}}